{"id":349,"date":"2023-01-29T12:22:31","date_gmt":"2023-01-29T12:22:31","guid":{"rendered":"https:\/\/www.tsg-postmuenster.de\/tsg\/?page_id=349"},"modified":"2025-05-25T16:27:04","modified_gmt":"2025-05-25T16:27:04","slug":"spielbetrieb","status":"publish","type":"page","link":"https:\/\/www.tsg-postmuenster.de\/tsg\/tennis\/spielbetrieb\/","title":{"rendered":"Spielbetrieb"},"content":{"rendered":"\n<div class=\"wp-block-group\"><div class=\"wp-block-group__inner-container is-layout-constrained wp-block-group-is-layout-constrained\">\n<h3 class=\"wp-block-heading\">Herren 50 &#8211; BTV S\u00fcdliga 4<\/h3>\n\n\n<div class=\"wp-block-image\">\n<figure class=\"aligncenter size-large is-resized\"><img loading=\"lazy\" decoding=\"async\" width=\"1024\" height=\"680\" src=\"https:\/\/www.tsg-postmuenster.de\/tsg\/wp-content\/uploads\/Ue502025-1024x680.jpg\" alt=\"\" class=\"wp-image-630\" style=\"width:500px\" srcset=\"https:\/\/www.tsg-postmuenster.de\/tsg\/wp-content\/uploads\/Ue502025-1024x680.jpg 1024w, https:\/\/www.tsg-postmuenster.de\/tsg\/wp-content\/uploads\/Ue502025-300x199.jpg 300w, https:\/\/www.tsg-postmuenster.de\/tsg\/wp-content\/uploads\/Ue502025-768x510.jpg 768w, https:\/\/www.tsg-postmuenster.de\/tsg\/wp-content\/uploads\/Ue502025.jpg 1200w\" sizes=\"auto, (max-width: 1024px) 100vw, 1024px\" \/><\/figure><\/div>\n\n\n<div class=\"wp-block-buttons is-content-justification-center is-layout-flex wp-container-core-buttons-is-layout-1 wp-block-buttons-is-layout-flex\">\n<div class=\"wp-block-button\"><a class=\"wp-block-button__link wp-element-button\" href=\"https:\/\/www.btv.de\/de\/spielbetrieb\/tabelle-spielplan.html?groupid=2078768\" target=\"_blank\" rel=\"noreferrer noopener\">Tabelle \/ Ergebnisse<\/a><\/div>\n<\/div>\n\n\n\n<div style=\"height:50px\" aria-hidden=\"true\" class=\"wp-block-spacer\"><\/div>\n<\/div><\/div>\n\n\n\n<div class=\"wp-block-group\"><div class=\"wp-block-group__inner-container is-layout-constrained wp-block-group-is-layout-constrained\">\n<h3 class=\"wp-block-heading\">Herren &#8211; BTV S\u00fcdliga 5<\/h3>\n\n\n<div class=\"wp-block-image\">\n<figure class=\"aligncenter size-large is-resized\"><img loading=\"lazy\" decoding=\"async\" width=\"1024\" height=\"893\" src=\"https:\/\/www.tsg-postmuenster.de\/tsg\/wp-content\/uploads\/0e1fb228-717e-4f1e-8b3c-084a15a2e92b-1024x893.jpeg\" alt=\"\" class=\"wp-image-478\" style=\"width:500px\" srcset=\"https:\/\/www.tsg-postmuenster.de\/tsg\/wp-content\/uploads\/0e1fb228-717e-4f1e-8b3c-084a15a2e92b-1024x893.jpeg 1024w, https:\/\/www.tsg-postmuenster.de\/tsg\/wp-content\/uploads\/0e1fb228-717e-4f1e-8b3c-084a15a2e92b-300x262.jpeg 300w, https:\/\/www.tsg-postmuenster.de\/tsg\/wp-content\/uploads\/0e1fb228-717e-4f1e-8b3c-084a15a2e92b-768x670.jpeg 768w, https:\/\/www.tsg-postmuenster.de\/tsg\/wp-content\/uploads\/0e1fb228-717e-4f1e-8b3c-084a15a2e92b.jpeg 1200w\" sizes=\"auto, (max-width: 1024px) 100vw, 1024px\" \/><\/figure><\/div>\n\n\n<div class=\"wp-block-buttons is-content-justification-center is-layout-flex wp-container-core-buttons-is-layout-2 wp-block-buttons-is-layout-flex\">\n<div class=\"wp-block-button\"><a class=\"wp-block-button__link wp-element-button\" href=\"https:\/\/www.btv.de\/de\/spielbetrieb\/tabelle-spielplan.html?groupid=2078491\" target=\"_blank\" rel=\"noreferrer noopener\">Tabelle \/ Ergebnisse<\/a><\/div>\n<\/div>\n\n\n\n<div style=\"height:50px\" aria-hidden=\"true\" class=\"wp-block-spacer\"><\/div>\n<\/div><\/div>\n\n\n\n<div class=\"wp-block-group\"><div class=\"wp-block-group__inner-container is-layout-constrained wp-block-group-is-layout-constrained\">\n<h3 class=\"wp-block-heading\">Junioren 18 &#8211; BTV S\u00fcdliga 3<\/h3>\n\n\n<div class=\"wp-block-image\">\n<figure class=\"aligncenter size-full is-resized\"><img loading=\"lazy\" decoding=\"async\" width=\"1200\" height=\"1020\" src=\"https:\/\/www.tsg-postmuenster.de\/tsg\/wp-content\/uploads\/Junioren2025.jpg\" alt=\"\" class=\"wp-image-629\" style=\"width:500px\" srcset=\"https:\/\/www.tsg-postmuenster.de\/tsg\/wp-content\/uploads\/Junioren2025.jpg 1200w, https:\/\/www.tsg-postmuenster.de\/tsg\/wp-content\/uploads\/Junioren2025-300x255.jpg 300w, https:\/\/www.tsg-postmuenster.de\/tsg\/wp-content\/uploads\/Junioren2025-1024x870.jpg 1024w, https:\/\/www.tsg-postmuenster.de\/tsg\/wp-content\/uploads\/Junioren2025-768x653.jpg 768w\" sizes=\"auto, (max-width: 1200px) 100vw, 1200px\" \/><\/figure><\/div>\n\n\n<div class=\"wp-block-buttons is-content-justification-center is-layout-flex wp-container-core-buttons-is-layout-3 wp-block-buttons-is-layout-flex\">\n<div class=\"wp-block-button\"><a class=\"wp-block-button__link wp-element-button\" href=\"https:\/\/www.btv.de\/de\/spielbetrieb\/tabelle-spielplan.html?groupid=2078883\" target=\"_blank\" rel=\"noreferrer noopener\">Tabelle \/ Ergebnisse<\/a><\/div>\n<\/div>\n\n\n\n<div style=\"height:50px\" aria-hidden=\"true\" class=\"wp-block-spacer\"><\/div>\n<\/div><\/div>\n\n\n\n<div class=\"wp-block-group\"><div class=\"wp-block-group__inner-container is-layout-constrained wp-block-group-is-layout-constrained\">\n<h3 class=\"wp-block-heading\">Knaben 15 &#8211; BTV S\u00fcdliga 4<\/h3>\n\n\n<div class=\"wp-block-image\">\n<figure class=\"aligncenter size-full is-resized\"><img loading=\"lazy\" decoding=\"async\" width=\"1200\" height=\"1086\" src=\"https:\/\/www.tsg-postmuenster.de\/tsg\/wp-content\/uploads\/Knaben2025.jpg\" alt=\"\" class=\"wp-image-628\" style=\"width:500px\" srcset=\"https:\/\/www.tsg-postmuenster.de\/tsg\/wp-content\/uploads\/Knaben2025.jpg 1200w, https:\/\/www.tsg-postmuenster.de\/tsg\/wp-content\/uploads\/Knaben2025-300x272.jpg 300w, https:\/\/www.tsg-postmuenster.de\/tsg\/wp-content\/uploads\/Knaben2025-1024x927.jpg 1024w, https:\/\/www.tsg-postmuenster.de\/tsg\/wp-content\/uploads\/Knaben2025-768x695.jpg 768w\" sizes=\"auto, (max-width: 1200px) 100vw, 1200px\" \/><\/figure><\/div>\n\n\n<div class=\"wp-block-buttons is-content-justification-center is-layout-flex wp-container-core-buttons-is-layout-4 wp-block-buttons-is-layout-flex\">\n<div class=\"wp-block-button\"><a class=\"wp-block-button__link wp-element-button\" href=\"https:\/\/www.btv.de\/de\/spielbetrieb\/tabelle-spielplan.html?groupid=2078962\" target=\"_blank\" rel=\"noreferrer noopener\">Tabelle \/ Ergebnisse<\/a><\/div>\n<\/div>\n\n\n\n<div style=\"height:50px\" aria-hidden=\"true\" class=\"wp-block-spacer\"><\/div>\n<\/div><\/div>\n\n\n\n<div class=\"wp-block-group\"><div class=\"wp-block-group__inner-container is-layout-constrained wp-block-group-is-layout-constrained\">\n<h3 class=\"wp-block-heading\">Juniorinnen 18 &#8211; BTV S\u00fcdliga 1<\/h3>\n\n\n<div class=\"wp-block-image\">\n<figure class=\"aligncenter size-full is-resized\"><img loading=\"lazy\" decoding=\"async\" width=\"1169\" height=\"1200\" src=\"https:\/\/www.tsg-postmuenster.de\/tsg\/wp-content\/uploads\/juniorinnen2025.jpg\" alt=\"\" class=\"wp-image-633\" style=\"width:500px\" srcset=\"https:\/\/www.tsg-postmuenster.de\/tsg\/wp-content\/uploads\/juniorinnen2025.jpg 1169w, https:\/\/www.tsg-postmuenster.de\/tsg\/wp-content\/uploads\/juniorinnen2025-292x300.jpg 292w, https:\/\/www.tsg-postmuenster.de\/tsg\/wp-content\/uploads\/juniorinnen2025-998x1024.jpg 998w, https:\/\/www.tsg-postmuenster.de\/tsg\/wp-content\/uploads\/juniorinnen2025-768x788.jpg 768w\" sizes=\"auto, (max-width: 1169px) 100vw, 1169px\" \/><\/figure><\/div>\n\n\n<div class=\"wp-block-buttons is-content-justification-center is-layout-flex wp-container-core-buttons-is-layout-5 wp-block-buttons-is-layout-flex\">\n<div class=\"wp-block-button\"><a class=\"wp-block-button__link wp-element-button\" href=\"https:\/\/www.btv.de\/de\/spielbetrieb\/tabelle-spielplan.html?groupid=2079031\" target=\"_blank\" rel=\"noreferrer noopener\">Tabelle \/ Ergebnisse<\/a><\/div>\n<\/div>\n\n\n\n<div style=\"height:50px\" aria-hidden=\"true\" class=\"wp-block-spacer\"><\/div>\n<\/div><\/div>\n\n\n\n<div class=\"wp-block-group\"><div class=\"wp-block-group__inner-container is-layout-constrained wp-block-group-is-layout-constrained\">\n<h3 class=\"wp-block-heading\">Juniorinnen 18 II &#8211; BTV S\u00fcdliga 3<\/h3>\n\n\n<div class=\"wp-block-image\">\n<figure class=\"aligncenter size-full is-resized\"><img loading=\"lazy\" decoding=\"async\" width=\"1200\" height=\"900\" src=\"https:\/\/www.tsg-postmuenster.de\/tsg\/wp-content\/uploads\/juniorinnen2_2025.jpg\" alt=\"\" class=\"wp-image-637\" style=\"width:500px\" srcset=\"https:\/\/www.tsg-postmuenster.de\/tsg\/wp-content\/uploads\/juniorinnen2_2025.jpg 1200w, https:\/\/www.tsg-postmuenster.de\/tsg\/wp-content\/uploads\/juniorinnen2_2025-300x225.jpg 300w, https:\/\/www.tsg-postmuenster.de\/tsg\/wp-content\/uploads\/juniorinnen2_2025-1024x768.jpg 1024w, https:\/\/www.tsg-postmuenster.de\/tsg\/wp-content\/uploads\/juniorinnen2_2025-768x576.jpg 768w\" sizes=\"auto, (max-width: 1200px) 100vw, 1200px\" \/><\/figure><\/div>\n\n\n<div class=\"wp-block-buttons is-content-justification-center is-layout-flex wp-container-core-buttons-is-layout-6 wp-block-buttons-is-layout-flex\">\n<div class=\"wp-block-button\"><a class=\"wp-block-button__link wp-element-button\" href=\"https:\/\/www.btv.de\/de\/spielbetrieb\/tabelle-spielplan.html?groupid=2079056\" target=\"_blank\" rel=\"noreferrer noopener\">Tabelle \/ Ergebnisse<\/a><\/div>\n<\/div>\n\n\n\n<div style=\"height:50px\" aria-hidden=\"true\" class=\"wp-block-spacer\"><\/div>\n<\/div><\/div>\n\n\n\n<div class=\"wp-block-group\"><div class=\"wp-block-group__inner-container is-layout-constrained wp-block-group-is-layout-constrained\">\n<h3 class=\"wp-block-heading\">Bambini 12 &#8211; BTV S\u00fcdliga 3<\/h3>\n\n\n<div class=\"wp-block-image\">\n<figure class=\"aligncenter size-full is-resized\"><img loading=\"lazy\" decoding=\"async\" width=\"1080\" height=\"1096\" src=\"https:\/\/www.tsg-postmuenster.de\/tsg\/wp-content\/uploads\/bambini2025.jpg\" alt=\"\" class=\"wp-image-635\" style=\"width:500px\" srcset=\"https:\/\/www.tsg-postmuenster.de\/tsg\/wp-content\/uploads\/bambini2025.jpg 1080w, https:\/\/www.tsg-postmuenster.de\/tsg\/wp-content\/uploads\/bambini2025-296x300.jpg 296w, https:\/\/www.tsg-postmuenster.de\/tsg\/wp-content\/uploads\/bambini2025-1009x1024.jpg 1009w, https:\/\/www.tsg-postmuenster.de\/tsg\/wp-content\/uploads\/bambini2025-768x779.jpg 768w\" sizes=\"auto, (max-width: 1080px) 100vw, 1080px\" \/><\/figure><\/div>\n\n\n<div class=\"wp-block-buttons is-content-justification-center is-layout-flex wp-container-core-buttons-is-layout-7 wp-block-buttons-is-layout-flex\">\n<div class=\"wp-block-button\"><a class=\"wp-block-button__link wp-element-button\" href=\"https:\/\/www.btv.de\/de\/spielbetrieb\/tabelle-spielplan.html?groupid=2079131\" target=\"_blank\" rel=\"noreferrer noopener\">Tabelle \/ Ergebnisse<\/a><\/div>\n<\/div>\n\n\n\n<div style=\"height:50px\" aria-hidden=\"true\" class=\"wp-block-spacer\"><\/div>\n<\/div><\/div>\n\n\n\n<div class=\"wp-block-group\"><div class=\"wp-block-group__inner-container is-layout-constrained wp-block-group-is-layout-constrained\">\n<h3 class=\"wp-block-heading\">M\u00e4dchen 15 &#8211; BTV S\u00fcdliga 2<\/h3>\n\n\n<div class=\"wp-block-image\">\n<figure class=\"aligncenter size-full is-resized\"><img loading=\"lazy\" decoding=\"async\" width=\"900\" height=\"1200\" src=\"https:\/\/www.tsg-postmuenster.de\/tsg\/wp-content\/uploads\/maedchen2025.jpg\" alt=\"\" class=\"wp-image-638\" style=\"width:500px\" srcset=\"https:\/\/www.tsg-postmuenster.de\/tsg\/wp-content\/uploads\/maedchen2025.jpg 900w, https:\/\/www.tsg-postmuenster.de\/tsg\/wp-content\/uploads\/maedchen2025-225x300.jpg 225w, https:\/\/www.tsg-postmuenster.de\/tsg\/wp-content\/uploads\/maedchen2025-768x1024.jpg 768w\" sizes=\"auto, (max-width: 900px) 100vw, 900px\" \/><\/figure><\/div>\n\n\n<div class=\"wp-block-buttons is-content-justification-center is-layout-flex wp-container-core-buttons-is-layout-8 wp-block-buttons-is-layout-flex\">\n<div class=\"wp-block-button\"><a class=\"wp-block-button__link wp-element-button\" href=\"https:\/\/www.btv.de\/de\/spielbetrieb\/tabelle-spielplan.html?groupid=2079069\" target=\"_blank\" rel=\"noreferrer noopener\">Tabelle \/ Ergebnisse<\/a><\/div>\n<\/div>\n\n\n\n<div style=\"height:50px\" aria-hidden=\"true\" class=\"wp-block-spacer\"><\/div>\n<\/div><\/div>\n","protected":false},"excerpt":{"rendered":"<p>Herren 50 &#8211; BTV S\u00fcdliga 4 Herren &#8211; BTV S\u00fcdliga 5 Junioren 18 &#8211; BTV S\u00fcdliga 3 Knaben 15 &#8211; BTV S\u00fcdliga 4 Juniorinnen 18 &#8211; BTV S\u00fcdliga 1 Juniorinnen 18 II &#8211; BTV S\u00fcdliga 3 Bambini 12 &#8211; BTV S\u00fcdliga 3 M\u00e4dchen 15 &#8211; BTV S\u00fcdliga 2<\/p>\n","protected":false},"author":2,"featured_media":494,"parent":37,"menu_order":0,"comment_status":"closed","ping_status":"closed","template":"","meta":{"footnotes":""},"class_list":["post-349","page","type-page","status-publish","has-post-thumbnail","hentry"],"_links":{"self":[{"href":"https:\/\/www.tsg-postmuenster.de\/tsg\/wp-json\/wp\/v2\/pages\/349","targetHints":{"allow":["GET"]}}],"collection":[{"href":"https:\/\/www.tsg-postmuenster.de\/tsg\/wp-json\/wp\/v2\/pages"}],"about":[{"href":"https:\/\/www.tsg-postmuenster.de\/tsg\/wp-json\/wp\/v2\/types\/page"}],"author":[{"embeddable":true,"href":"https:\/\/www.tsg-postmuenster.de\/tsg\/wp-json\/wp\/v2\/users\/2"}],"replies":[{"embeddable":true,"href":"https:\/\/www.tsg-postmuenster.de\/tsg\/wp-json\/wp\/v2\/comments?post=349"}],"version-history":[{"count":25,"href":"https:\/\/www.tsg-postmuenster.de\/tsg\/wp-json\/wp\/v2\/pages\/349\/revisions"}],"predecessor-version":[{"id":639,"href":"https:\/\/www.tsg-postmuenster.de\/tsg\/wp-json\/wp\/v2\/pages\/349\/revisions\/639"}],"up":[{"embeddable":true,"href":"https:\/\/www.tsg-postmuenster.de\/tsg\/wp-json\/wp\/v2\/pages\/37"}],"wp:featuredmedia":[{"embeddable":true,"href":"https:\/\/www.tsg-postmuenster.de\/tsg\/wp-json\/wp\/v2\/media\/494"}],"wp:attachment":[{"href":"https:\/\/www.tsg-postmuenster.de\/tsg\/wp-json\/wp\/v2\/media?parent=349"}],"curies":[{"name":"wp","href":"https:\/\/api.w.org\/{rel}","templated":true}]}}