{"id":35,"date":"2015-06-26T08:47:42","date_gmt":"2015-06-26T08:47:42","guid":{"rendered":"http:\/\/www.tsg-postmuenster.de\/tsg\/?page_id=35"},"modified":"2024-02-12T09:48:12","modified_gmt":"2024-02-12T09:48:12","slug":"stockschuetzen","status":"publish","type":"page","link":"https:\/\/www.tsg-postmuenster.de\/tsg\/stockschuetzen\/","title":{"rendered":"Abteilung Stocksch\u00fctzen"},"content":{"rendered":"\n<p><\/p>\n\n\n\n<p><\/p>\n\n\n\n<p><\/p>\n\n\n\n<p><\/p>\n\n\n\n<p><\/p>\n\n\n\n<figure class=\"wp-block-gallery aligncenter has-nested-images columns-default is-cropped wp-block-gallery-1 is-layout-flex wp-block-gallery-is-layout-flex\">\n<figure class=\"wp-block-image size-large\"><img loading=\"lazy\" decoding=\"async\" width=\"1024\" height=\"697\" data-id=\"577\" src=\"https:\/\/www.tsg-postmuenster.de\/tsg\/wp-content\/uploads\/Bild-2024-1024x697.jpg\" alt=\"\" class=\"wp-image-577\" srcset=\"https:\/\/www.tsg-postmuenster.de\/tsg\/wp-content\/uploads\/Bild-2024-1024x697.jpg 1024w, https:\/\/www.tsg-postmuenster.de\/tsg\/wp-content\/uploads\/Bild-2024-300x204.jpg 300w, https:\/\/www.tsg-postmuenster.de\/tsg\/wp-content\/uploads\/Bild-2024-768x523.jpg 768w, https:\/\/www.tsg-postmuenster.de\/tsg\/wp-content\/uploads\/Bild-2024.jpg 1200w\" sizes=\"auto, (max-width: 1024px) 100vw, 1024px\" \/><\/figure>\n<\/figure>\n\n\n\n<div style=\"height:50px\" aria-hidden=\"true\" class=\"wp-block-spacer\"><\/div>\n\n\n\n<figure class=\"wp-block-table is-style-regular\"><table class=\"has-fixed-layout\"><tbody><tr><td class=\"has-text-align-right\" data-align=\"right\"><strong>1. Abteilungs\u00adleiter<\/strong><\/td><td>Thomas Hamberger<br><br>E-Mail: <a href=\"mailto:stockschuetzen-postmuenster@gmx.de\">stockschuetzen-postmuenster@gmx.de<\/a><\/td><\/tr><tr><td class=\"has-text-align-right\" data-align=\"right\"><strong>2. Abteilungs\u00adleiter<\/strong><\/td><td>Erwin Lechner<\/td><\/tr><tr><td class=\"has-text-align-right\" data-align=\"right\"><strong>Schriftf\u00fchrerin<\/strong><\/td><td>Andrea Hofer<\/td><\/tr><tr><td class=\"has-text-align-right\" data-align=\"right\"><strong>Kassier<\/strong><\/td><td>Franz Seiler<\/td><\/tr><tr><td class=\"has-text-align-right\" data-align=\"right\"><strong>Sportleiter<\/strong><\/td><td>Helmut Bl\u00f6chl<\/td><\/tr><tr><td class=\"has-text-align-right\" data-align=\"right\"><strong>Kassenpr\u00fcfer<\/strong><\/td><td><\/td><\/tr><\/tbody><\/table><\/figure>\n\n\n\n\n\n<p><\/p>\n","protected":false},"excerpt":{"rendered":"<p>1. Abteilungs\u00adleiter Thomas Hamberger E-Mail: stockschuetzen-postmuenster@gmx.de 2. Abteilungs\u00adleiter Erwin Lechner Schriftf\u00fchrerin Andrea Hofer Kassier Franz Seiler Sportleiter Helmut Bl\u00f6chl Kassenpr\u00fcfer<\/p>\n","protected":false},"author":3,"featured_media":22,"parent":0,"menu_order":0,"comment_status":"open","ping_status":"open","template":"","meta":{"footnotes":""},"class_list":["post-35","page","type-page","status-publish","has-post-thumbnail","hentry"],"_links":{"self":[{"href":"https:\/\/www.tsg-postmuenster.de\/tsg\/wp-json\/wp\/v2\/pages\/35","targetHints":{"allow":["GET"]}}],"collection":[{"href":"https:\/\/www.tsg-postmuenster.de\/tsg\/wp-json\/wp\/v2\/pages"}],"about":[{"href":"https:\/\/www.tsg-postmuenster.de\/tsg\/wp-json\/wp\/v2\/types\/page"}],"author":[{"embeddable":true,"href":"https:\/\/www.tsg-postmuenster.de\/tsg\/wp-json\/wp\/v2\/users\/3"}],"replies":[{"embeddable":true,"href":"https:\/\/www.tsg-postmuenster.de\/tsg\/wp-json\/wp\/v2\/comments?post=35"}],"version-history":[{"count":18,"href":"https:\/\/www.tsg-postmuenster.de\/tsg\/wp-json\/wp\/v2\/pages\/35\/revisions"}],"predecessor-version":[{"id":582,"href":"https:\/\/www.tsg-postmuenster.de\/tsg\/wp-json\/wp\/v2\/pages\/35\/revisions\/582"}],"wp:featuredmedia":[{"embeddable":true,"href":"https:\/\/www.tsg-postmuenster.de\/tsg\/wp-json\/wp\/v2\/media\/22"}],"wp:attachment":[{"href":"https:\/\/www.tsg-postmuenster.de\/tsg\/wp-json\/wp\/v2\/media?parent=35"}],"curies":[{"name":"wp","href":"https:\/\/api.w.org\/{rel}","templated":true}]}}