{"id":39,"date":"2015-06-26T08:48:42","date_gmt":"2015-06-26T08:48:42","guid":{"rendered":"http:\/\/www.tsg-postmuenster.de\/tsg\/?page_id=39"},"modified":"2026-04-12T19:57:28","modified_gmt":"2026-04-12T19:57:28","slug":"turnen","status":"publish","type":"page","link":"https:\/\/www.tsg-postmuenster.de\/tsg\/turnen\/","title":{"rendered":"Abteilung Turnen"},"content":{"rendered":"<div class=\"wp-block-image\">\n<figure class=\"aligncenter size-large is-resized\"><img loading=\"lazy\" decoding=\"async\" width=\"1024\" height=\"683\" src=\"https:\/\/www.tsg-postmuenster.de\/tsg\/wp-content\/uploads\/DD5072F6-1D83-4704-80A6-4864CC30CF19-1024x683.png\" alt=\"\" class=\"wp-image-697\" style=\"width:582px;height:auto\" srcset=\"https:\/\/www.tsg-postmuenster.de\/tsg\/wp-content\/uploads\/DD5072F6-1D83-4704-80A6-4864CC30CF19-1024x683.png 1024w, https:\/\/www.tsg-postmuenster.de\/tsg\/wp-content\/uploads\/DD5072F6-1D83-4704-80A6-4864CC30CF19-300x200.png 300w, https:\/\/www.tsg-postmuenster.de\/tsg\/wp-content\/uploads\/DD5072F6-1D83-4704-80A6-4864CC30CF19-768x512.png 768w, https:\/\/www.tsg-postmuenster.de\/tsg\/wp-content\/uploads\/DD5072F6-1D83-4704-80A6-4864CC30CF19.png 1200w\" sizes=\"auto, (max-width: 1024px) 100vw, 1024px\" \/><figcaption class=\"wp-element-caption\">Die Abteilung Turnen mit ihrer Vorstandschaft<\/figcaption><\/figure><\/div>\n\n\n<div style=\"height:50px\" aria-hidden=\"true\" class=\"wp-block-spacer\"><\/div>\n\n\n\n<figure class=\"wp-block-table is-style-regular\"><table class=\"has-fixed-layout\"><tbody><tr><td class=\"has-text-align-right\" data-align=\"right\"><strong>Vorsitzender<\/strong><\/td><td>Thomas Noky<\/td><\/tr><tr><td class=\"has-text-align-right\" data-align=\"right\"><strong>Kassiererin<\/strong><\/td><td>Eva Pr\u00e4hofer<\/td><\/tr><tr><td class=\"has-text-align-right\" data-align=\"right\"><strong>Schriftf\u00fchrer<\/strong><\/td><td>Stefanie Hausleitner<\/td><\/tr><tr><td class=\"has-text-align-right\" data-align=\"right\"><strong>Stellv. Vorsitzende<\/strong><\/td><td>Lena Gaishauser<br>Roswitha Pr\u00e4hofer &nbsp;<\/td><\/tr><\/tbody><\/table><\/figure>\n\n\n\n<div style=\"height:50px\" aria-hidden=\"true\" class=\"wp-block-spacer\"><\/div>\n\n\n\n<h2 class=\"wp-block-heading\">Unsere \u00dcbungsleiter mit ihren Angeboten<\/h2>\n\n\n\n<blockquote class=\"wp-block-quote is-layout-flow wp-block-quote-is-layout-flow\">\n<h3 class=\"wp-block-heading\">Eltern-Kind Turnen<\/h3>\n\n\n\n<p>Freitag 15:00 &#8211; 16:00 Uhr<br>Schulturnhalle Postm\u00fcnster<br>mit Julia Eder<\/p>\n\n\n\n<p><strong>Programm:<\/strong><br>Kreatives Ausprobieren von verschiedenen Ger\u00e4ten und Kletterlandschaften, um Koordination, Gleichgewichtssinn und Grobmotorik zu schulen, sowie das Selbstvertrauen zu st\u00e4rken. <\/p>\n\n\n\n<h3 class=\"wp-block-heading\">Kinderturnen 6-9 Jahre<\/h3>\n\n\n\n<p>Montag 15:30 &#8211; 16:30 Uhr<br>Schulturnhalle Postm\u00fcnster<br>mit Annegret Noky (\u00dcbungsleiter C-Lizenz) und Lena Gaishauser<\/p>\n\n\n\n<p><strong>Programm:<\/strong><br>Kleine Spiele zur Erw\u00e4rmung und zur F\u00f6rderung des Sozialverhaltens, Hinf\u00fchrung zum Ger\u00e4teturnen.<br><br><\/p>\n\n\n\n<h3 class=\"wp-block-heading\">Body-Fit<\/h3>\n\n\n\n<p>Montag 19:15 &#8211; 20:30 Uhr<br>Schulturnhalle Postm\u00fcnster<br>Petra Wagner<\/p>\n\n\n\n<p><strong>Programm:<br><\/strong>30 Minuten Herz-Kreislauftraining<br>45 Minuten Kr\u00e4ftigung und Streching<\/p>\n\n\n\n<p><\/p>\n\n\n\n<p><\/p>\n\n\n\n<h3 class=\"wp-block-heading\">Pilates<\/h3>\n\n\n\n<p>Mittwoch 18:30 &#8211; 19:30 Uhr<br>Pfarrheim Postm\u00fcnster,&nbsp;Pfarrsaal (EG)<br>mit Petra Wagner (Pilates Trainer Lizenz)<\/p>\n\n\n\n<p>&amp; <strong>Pilates Burn<\/strong><\/p>\n\n\n\n<p>Mittwoch 19:00 &#8211; 20:00 Uhr<br>Pfarrheim Postm\u00fcnster, Meditationsraum (1.OG)<br>mit Monia Corbos<\/p>\n\n\n\n<p><strong>Programm:<br><\/strong>Pilates ist eine ganzheitliche Trainingsform f\u00fcr jedes Alter. Auf schonende Weise wird K\u00f6rperhaltung, Koordination und Beweglichkeit verbessert.<br><br><br><\/p>\n\n\n\n<h3 class=\"wp-block-heading\">Seniorengymnastik<\/h3>\n\n\n\n<p>Montag 14:30 &#8211; 15:15 Uhr<br>Schulturnhalle Postm\u00fcnster<br>Waltraut Duldinger (\u00dcbungsleiter A-Lizenz, Seniorenlizenz)<\/p>\n\n\n\n<p><strong>Programm:<br><\/strong>Fit bis ins hohe Alter<br><br><br><\/p>\n\n\n\n<p><\/p>\n<\/blockquote>\n\n\n\n<blockquote class=\"wp-block-quote is-layout-flow wp-block-quote-is-layout-flow\">\n<h3 class=\"wp-block-heading\">Kinderturnen 3-6 Jahre<\/h3>\n\n\n\n<p>Donnerstag 16:00 &#8211; 16:45 Uhr<br>Schulturnhalle Postm\u00fcnster<br>mit Martina Rothmeier und Verena Brunner<\/p>\n\n\n\n<p><strong>Programm:<br><\/strong>Bewegungserziehung im Kleinkind- und Vorschulalter,<br>kleine Spiele zur F\u00f6rderung des Sozialverhaltens, <br>spielerisches Hinf\u00fchren zum Turnen<br><br><\/p>\n\n\n\n<h3 class=\"wp-block-heading\">Kinderturnen von 9-12 Jahren<\/h3>\n\n\n\n<p>Freitag 16:00 &#8211; 17:00 Uhr<br>Schulturnhalle Postm\u00fcnster<br>mit Lena Gaishauser<\/p>\n\n\n\n<p><strong>Programm:<\/strong><br>Spiele zur Aufw\u00e4rmung, Ger\u00e4teturnen zur Verbesserung von Koordination, Beweglichkeit und Gleichgewichtssinn<br><\/p>\n\n\n\n<p><br><br><\/p>\n\n\n\n<h3 class=\"wp-block-heading\">Qi Gong <\/h3>\n\n\n\n<p>Mittwoch 19:30 &#8211; 20:30 Uhr<br>Pfarrheim Postm\u00fcnster, Pfarrsaal (EG)<br>mit Petra Wagner<\/p>\n\n\n\n<p><strong>Programm:<\/strong><br>Qi Gong der Elemente &#8211; \u00dcbungen, die mit Atemtechnik, Heillauten und Akupressur verbunden werden, um inneres Gleichgewicht zu erlangen und Selbstheilungskr\u00e4fte zu aktivieren.<br><br><\/p>\n\n\n\n<p><\/p>\n\n\n\n<h3 class=\"wp-block-heading\">Funktionsgymnastik <\/h3>\n\n\n\n<p>Donnerstag 19:00 &#8211; 20:00 Uhr<br>Schulturnhalle Postm\u00fcnster<br>mit Gabi Wasmeier<\/p>\n\n\n\n<p><\/p>\n\n\n\n<p><br><br><\/p>\n\n\n\n<p><br>                   <\/p>\n\n\n\n<h3 class=\"wp-block-heading\">Herrengymnastik mit Volleyball<\/h3>\n\n\n\n<p>Freitag 19:00 Uhr &#8211; 21:00 Uhr<br>Schulturnhalle Postm\u00fcnster<br>mit Hugo Grashuber<\/p>\n\n\n\n<p><strong>Programm:<br><\/strong>60 Minuten Erw\u00e4rmung und Funktionsgymnastik<br>60 Minuten Volleyball<br><br><\/p>\n<\/blockquote>\n\n\n\n<p>Bei Interesse gerne Anfrage zur Kursteilnahme per Mail an info.tsg-postmuenster@gmail.com<\/p>\n\n\n\n<div style=\"height:50px\" aria-hidden=\"true\" class=\"wp-block-spacer\"><\/div>\n\n\n\n<div data-wp-interactive=\"core\/file\" class=\"wp-block-file\"><object data-wp-bind--hidden=\"!state.hasPdfPreview\" hidden class=\"wp-block-file__embed\" data=\"https:\/\/www.tsg-postmuenster.de\/tsg\/wp-content\/uploads\/Uebersicht-Turnstunden-2025V1-1.pdf\" type=\"application\/pdf\" style=\"width:100%;height:600px\" aria-label=\"Einbettung von U\u0308bersicht Turnstunden 2025V1.\"><\/object><a id=\"wp-block-file--media-6d7e52f3-a09d-4a44-ae09-7f46b4941c97\" href=\"https:\/\/www.tsg-postmuenster.de\/tsg\/wp-content\/uploads\/Uebersicht-Turnstunden-2025V1-1.pdf\">U\u0308bersicht Turnstunden 2025V1<\/a><a href=\"https:\/\/www.tsg-postmuenster.de\/tsg\/wp-content\/uploads\/Uebersicht-Turnstunden-2025V1-1.pdf\" class=\"wp-block-file__button wp-element-button\" download aria-describedby=\"wp-block-file--media-6d7e52f3-a09d-4a44-ae09-7f46b4941c97\">Herunterladen<\/a><\/div>\n\n\n\n<div data-wp-interactive=\"core\/file\" class=\"wp-block-file\"><object data-wp-bind--hidden=\"!state.hasPdfPreview\" hidden class=\"wp-block-file__embed\" data=\"https:\/\/www.tsg-postmuenster.de\/tsg\/wp-content\/uploads\/Hallenplan-2025V3.pdf\" type=\"application\/pdf\" style=\"width:100%;height:600px\" aria-label=\"Einbettung von Hallenplan 2025V3.\"><\/object><a id=\"wp-block-file--media-b7d46aa9-8af5-4652-a8d4-0664da9ca95b\" href=\"https:\/\/www.tsg-postmuenster.de\/tsg\/wp-content\/uploads\/Hallenplan-2025V3.pdf\">Hallenplan 2025V3<\/a><a href=\"https:\/\/www.tsg-postmuenster.de\/tsg\/wp-content\/uploads\/Hallenplan-2025V3.pdf\" class=\"wp-block-file__button wp-element-button\" download aria-describedby=\"wp-block-file--media-b7d46aa9-8af5-4652-a8d4-0664da9ca95b\">Herunterladen<\/a><\/div>\n\n\n\n<p><\/p>\n","protected":false},"excerpt":{"rendered":"<p>Vorsitzender Thomas Noky Kassiererin Eva Pr\u00e4hofer Schriftf\u00fchrer Stefanie Hausleitner Stellv. Vorsitzende Lena GaishauserRoswitha Pr\u00e4hofer &nbsp; Unsere \u00dcbungsleiter mit ihren Angeboten Eltern-Kind Turnen Freitag 15:00 &#8211; 16:00 UhrSchulturnhalle Postm\u00fcnstermit Julia Eder Programm:Kreatives Ausprobieren von verschiedenen Ger\u00e4ten und Kletterlandschaften, um Koordination, Gleichgewichtssinn und Grobmotorik zu schulen, sowie das Selbstvertrauen zu st\u00e4rken. Kinderturnen 6-9 Jahre Montag 15:30 &#8211; [&hellip;]<\/p>\n","protected":false},"author":3,"featured_media":0,"parent":0,"menu_order":0,"comment_status":"open","ping_status":"open","template":"","meta":{"footnotes":""},"class_list":["post-39","page","type-page","status-publish","hentry"],"_links":{"self":[{"href":"https:\/\/www.tsg-postmuenster.de\/tsg\/wp-json\/wp\/v2\/pages\/39","targetHints":{"allow":["GET"]}}],"collection":[{"href":"https:\/\/www.tsg-postmuenster.de\/tsg\/wp-json\/wp\/v2\/pages"}],"about":[{"href":"https:\/\/www.tsg-postmuenster.de\/tsg\/wp-json\/wp\/v2\/types\/page"}],"author":[{"embeddable":true,"href":"https:\/\/www.tsg-postmuenster.de\/tsg\/wp-json\/wp\/v2\/users\/3"}],"replies":[{"embeddable":true,"href":"https:\/\/www.tsg-postmuenster.de\/tsg\/wp-json\/wp\/v2\/comments?post=39"}],"version-history":[{"count":96,"href":"https:\/\/www.tsg-postmuenster.de\/tsg\/wp-json\/wp\/v2\/pages\/39\/revisions"}],"predecessor-version":[{"id":699,"href":"https:\/\/www.tsg-postmuenster.de\/tsg\/wp-json\/wp\/v2\/pages\/39\/revisions\/699"}],"wp:attachment":[{"href":"https:\/\/www.tsg-postmuenster.de\/tsg\/wp-json\/wp\/v2\/media?parent=39"}],"curies":[{"name":"wp","href":"https:\/\/api.w.org\/{rel}","templated":true}]}}