{"id":41,"date":"2015-06-26T08:49:10","date_gmt":"2015-06-26T08:49:10","guid":{"rendered":"http:\/\/www.tsg-postmuenster.de\/tsg\/?page_id=41"},"modified":"2023-10-08T13:04:01","modified_gmt":"2023-10-08T13:04:01","slug":"abteilung-volleyball","status":"publish","type":"page","link":"https:\/\/www.tsg-postmuenster.de\/tsg\/abteilung-volleyball\/","title":{"rendered":"Abteilung Volleyball"},"content":{"rendered":"\n<figure class=\"wp-block-image size-full\"><img loading=\"lazy\" decoding=\"async\" width=\"1000\" height=\"748\" src=\"https:\/\/www.tsg-postmuenster.de\/tsg\/wp-content\/uploads\/Volleyball.png\" alt=\"\" class=\"wp-image-249\" srcset=\"https:\/\/www.tsg-postmuenster.de\/tsg\/wp-content\/uploads\/Volleyball.png 1000w, https:\/\/www.tsg-postmuenster.de\/tsg\/wp-content\/uploads\/Volleyball-300x224.png 300w, https:\/\/www.tsg-postmuenster.de\/tsg\/wp-content\/uploads\/Volleyball-768x574.png 768w\" sizes=\"auto, (max-width: 1000px) 100vw, 1000px\" \/><\/figure>\n\n\n\n<div style=\"height:50px\" aria-hidden=\"true\" class=\"wp-block-spacer\"><\/div>\n\n\n\n<p>Wir von der TSG Postm\u00fcnster sind Volleyballer mit Leib und Seele. Ballverr\u00fcckte aller Altersstufen von 9 bis 99 Jahren trainieren und spielen regelm\u00e4\u00dfig in der Halle und \/ oder auf unseren beiden Beachpl\u00e4tzen.<\/p>\n\n\n\n<p>Alle, die Spa\u00df am Volleyball haben oder diesen tollen Sport lernen wollen, sind herzlich willkommen! Bei Interesse wende Dich einfach an einen der hier genannten Ansprechpartner.<\/p>\n\n\n\n<div style=\"height:50px\" aria-hidden=\"true\" class=\"wp-block-spacer\"><\/div>\n\n\n\n<h3 class=\"wp-block-heading\">Ansprechpartner Volleyball<\/h3>\n\n\n\n<figure class=\"wp-block-table is-style-regular\"><table class=\"has-fixed-layout\"><tbody><tr><td class=\"has-text-align-right\" data-align=\"right\"><strong>\u00dcbungsleiterin Aktive<\/strong><\/td><td>Monika Meyer<br>08561 &#8211; 910686<br><a href=\"mailto:m.meyer@bieranjas.net\">m.meyer@bieranjas.net<\/a><\/td><\/tr><tr><td class=\"has-text-align-right\" data-align=\"right\"><strong>Lizenztrainer<\/strong><\/td><td>Dr. Michael Wellenhofer<br>08561 \u2013 988890<br><a href=\"mailto:mw@bieranjas.net\">mw@bieranjas.net<\/a><\/td><\/tr><tr><td class=\"has-text-align-right\" data-align=\"right\"><\/td><td><\/td><\/tr><tr><td class=\"has-text-align-right\" data-align=\"right\"><\/td><td><\/td><\/tr><\/tbody><\/table><\/figure>\n\n\n\n<div style=\"height:50px\" aria-hidden=\"true\" class=\"wp-block-spacer\"><\/div>\n\n\n\n<h2 class=\"wp-block-heading\">Unsere \u00dcbungsleiter mit ihren Angeboten<\/h2>\n\n\n\n<blockquote class=\"wp-block-quote is-layout-flow wp-block-quote-is-layout-flow\">\n<h3 class=\"wp-block-heading\">Volleyball \u2013 Training \/ Spiel<\/h3>\n\n\n\n<p>Dienstag 19:30 \u2013 21:30 Uhr<br>Schulturnhalle Postm\u00fcnster<br>mit Monika Meyer und Michael Wellenhofer (Trainer C-Lizenz)<\/p>\n\n\n\n<p><strong>Programm:<\/strong><br>30 Minuten ballorientiertes Warming-up<br>45 Minuten Trainings- und Spielformen mit wechselnden Schwerpunkten<br>45 Minuten Spiel<\/p>\n<\/blockquote>\n\n\n\n<blockquote class=\"wp-block-quote is-layout-flow wp-block-quote-is-layout-flow\">\n<h3 class=\"wp-block-heading\">Volleyball &#8211; Spiel<\/h3>\n\n\n\n<p>Donnerstag 20:00 \u2013 22:00 Uhr<br>Schulturnhalle Postm\u00fcnster<br>mit Monika Meyer und Michael Wellenhofer (Trainer C-Lizenz)<\/p>\n\n\n\n<p><strong>Programm:<\/strong><br>15 Minuten ballorientiertes Warming-up<br>75 Minuten Spiel<\/p>\n<\/blockquote>\n\n\n\n<blockquote class=\"wp-block-quote is-layout-flow wp-block-quote-is-layout-flow\">\n<h3 class=\"wp-block-heading\">Jugend-Volleyball 10-14 Jahre<\/h3>\n\n\n\n<p>Freitag 17:00 \u2013 18:30 Uhr<br>Schulturnhalle Postm\u00fcnster<br>mit Monika Meyer und Michael Wellenhofer (Trainer C-Lizenz)<\/p>\n\n\n\n<p><strong>Programm:<\/strong><br>15 Minuten Warming-up (Kardiofitness, Mobilisation, Koordination, Kr\u00e4ftigung)<br>40 Minuten Trainings- und Spielformen mit wechselnden Schwerpunkten<br>30 Minuten Spiel<br>5 Minuten Cool down<\/p>\n<\/blockquote>\n","protected":false},"excerpt":{"rendered":"<p>Wir von der TSG Postm\u00fcnster sind Volleyballer mit Leib und Seele. Ballverr\u00fcckte aller Altersstufen von 9 bis 99 Jahren trainieren und spielen regelm\u00e4\u00dfig in der Halle und \/ oder auf unseren beiden Beachpl\u00e4tzen. Alle, die Spa\u00df am Volleyball haben oder diesen tollen Sport lernen wollen, sind herzlich willkommen! Bei Interesse wende Dich einfach an einen [&hellip;]<\/p>\n","protected":false},"author":2,"featured_media":0,"parent":0,"menu_order":0,"comment_status":"open","ping_status":"open","template":"","meta":{"footnotes":""},"class_list":["post-41","page","type-page","status-publish","hentry"],"_links":{"self":[{"href":"https:\/\/www.tsg-postmuenster.de\/tsg\/wp-json\/wp\/v2\/pages\/41","targetHints":{"allow":["GET"]}}],"collection":[{"href":"https:\/\/www.tsg-postmuenster.de\/tsg\/wp-json\/wp\/v2\/pages"}],"about":[{"href":"https:\/\/www.tsg-postmuenster.de\/tsg\/wp-json\/wp\/v2\/types\/page"}],"author":[{"embeddable":true,"href":"https:\/\/www.tsg-postmuenster.de\/tsg\/wp-json\/wp\/v2\/users\/2"}],"replies":[{"embeddable":true,"href":"https:\/\/www.tsg-postmuenster.de\/tsg\/wp-json\/wp\/v2\/comments?post=41"}],"version-history":[{"count":20,"href":"https:\/\/www.tsg-postmuenster.de\/tsg\/wp-json\/wp\/v2\/pages\/41\/revisions"}],"predecessor-version":[{"id":557,"href":"https:\/\/www.tsg-postmuenster.de\/tsg\/wp-json\/wp\/v2\/pages\/41\/revisions\/557"}],"wp:attachment":[{"href":"https:\/\/www.tsg-postmuenster.de\/tsg\/wp-json\/wp\/v2\/media?parent=41"}],"curies":[{"name":"wp","href":"https:\/\/api.w.org\/{rel}","templated":true}]}}