{"id":424,"date":"2023-02-16T15:20:31","date_gmt":"2023-02-16T15:20:31","guid":{"rendered":"https:\/\/www.tsg-postmuenster.de\/tsg\/?page_id=424"},"modified":"2023-02-16T15:20:31","modified_gmt":"2023-02-16T15:20:31","slug":"mannschaften-training","status":"publish","type":"page","link":"https:\/\/www.tsg-postmuenster.de\/tsg\/fussball\/mannschaften-training\/","title":{"rendered":"Mannschaften \/ Training"},"content":{"rendered":"\n<h3 class=\"wp-block-heading\">1. Mannschaft<\/h3>\n\n\n\n<figure class=\"wp-block-image size-large\"><img loading=\"lazy\" decoding=\"async\" width=\"1024\" height=\"585\" src=\"https:\/\/www.tsg-postmuenster.de\/tsg\/wp-content\/uploads\/fussball1-1-1024x585.jpg\" alt=\"\" class=\"wp-image-314\" srcset=\"https:\/\/www.tsg-postmuenster.de\/tsg\/wp-content\/uploads\/fussball1-1.jpg 1024w, https:\/\/www.tsg-postmuenster.de\/tsg\/wp-content\/uploads\/fussball1-1-300x171.jpg 300w, https:\/\/www.tsg-postmuenster.de\/tsg\/wp-content\/uploads\/fussball1-1-768x439.jpg 768w\" sizes=\"auto, (max-width: 1024px) 100vw, 1024px\" \/><\/figure>\n\n\n\n<div class=\"wp-block-buttons is-content-justification-center is-layout-flex wp-container-core-buttons-is-layout-1 wp-block-buttons-is-layout-flex\">\n<div class=\"wp-block-button\"><a class=\"wp-block-button__link wp-element-button\" href=\"https:\/\/www.bfv.de\/wettbewerbe\/meisterschaften\/ak-gr7-k1-eggenfelden\/02IEODGNF8000005VS5489B3VS27R2HJ-G#tabelle\" target=\"_blank\" rel=\"noreferrer noopener\">Tabelle<\/a><\/div>\n\n\n\n<div class=\"wp-block-button\"><a class=\"wp-block-button__link wp-element-button\" href=\"https:\/\/www.fupa.net\/team\/tsg-postmuenster-m1-2022-23\" target=\"_blank\" rel=\"noreferrer noopener\">Statistik<\/a><\/div>\n<\/div>\n\n\n\n<p><strong>Training<\/strong><br>Di 19:00-20:30 und Fr 18:30-20:00<\/p>\n\n\n\n<div style=\"height:50px\" aria-hidden=\"true\" class=\"wp-block-spacer\"><\/div>\n\n\n\n<h3 class=\"wp-block-heading\">2. Mannschaft<\/h3>\n\n\n\n<figure class=\"wp-block-image size-large\"><img loading=\"lazy\" decoding=\"async\" width=\"1024\" height=\"585\" src=\"https:\/\/www.tsg-postmuenster.de\/tsg\/wp-content\/uploads\/fussball2-1024x585.jpg\" alt=\"\" class=\"wp-image-313\" srcset=\"https:\/\/www.tsg-postmuenster.de\/tsg\/wp-content\/uploads\/fussball2.jpg 1024w, https:\/\/www.tsg-postmuenster.de\/tsg\/wp-content\/uploads\/fussball2-300x171.jpg 300w, https:\/\/www.tsg-postmuenster.de\/tsg\/wp-content\/uploads\/fussball2-768x439.jpg 768w\" sizes=\"auto, (max-width: 1024px) 100vw, 1024px\" \/><\/figure>\n\n\n\n<div class=\"wp-block-buttons is-content-justification-center is-layout-flex wp-container-core-buttons-is-layout-2 wp-block-buttons-is-layout-flex\">\n<div class=\"wp-block-button\"><a class=\"wp-block-button__link wp-element-button\" href=\"https:\/\/www.bfv.de\/wettbewerbe\/meisterschaften\/ak-gr7-r-k1-eggenfelden\/02IEOSTLF8000004VS5489B3VS27R2HJ-G#tabelle\" target=\"_blank\" rel=\"noreferrer noopener\">Tabelle<\/a><\/div>\n\n\n\n<div class=\"wp-block-button\"><a class=\"wp-block-button__link wp-element-button\" href=\"https:\/\/www.fupa.net\/team\/tsg-postmuenster-mr2-2022-23\" target=\"_blank\" rel=\"noreferrer noopener\">Statistik<\/a><\/div>\n<\/div>\n\n\n\n<p><strong>Training<\/strong><br>Di 19:00-20:30 und Fr 18:30-20:00<\/p>\n\n\n\n<div style=\"height:50px\" aria-hidden=\"true\" class=\"wp-block-spacer\"><\/div>\n\n\n\n<h3 class=\"wp-block-heading\">C-Jugend (Jahrgang\u00a02008\/2009)<\/h3>\n\n\n\n<div class=\"wp-block-buttons is-content-justification-left is-layout-flex wp-container-core-buttons-is-layout-3 wp-block-buttons-is-layout-flex\">\n<div class=\"wp-block-button\"><a class=\"wp-block-button__link wp-element-button\" href=\"https:\/\/www.bfv.de\/wettbewerbe\/meisterschaften\/u15-c-jun-gruppe-ulbering\/02IULK6GU8000002VS5489B4VVD1J4FC-G#tabelle\" target=\"_blank\" rel=\"noreferrer noopener\">Tabelle<\/a><\/div>\n<\/div>\n\n\n\n<p><strong>Training<\/strong><br>Di + Do 18:00 &#8211; 19:30<\/p>\n\n\n\n<div style=\"height:50px\" aria-hidden=\"true\" class=\"wp-block-spacer\"><\/div>\n\n\n\n<h3 class=\"wp-block-heading\">E-Jugend (Jahrgang\u00a02012\/2013)<\/h3>\n\n\n\n<div class=\"wp-block-buttons is-content-justification-left is-layout-flex wp-container-core-buttons-is-layout-4 wp-block-buttons-is-layout-flex\">\n<div class=\"wp-block-button\"><a class=\"wp-block-button__link wp-element-button\" href=\"https:\/\/www.bfv.de\/wettbewerbe\/meisterschaften\/u11-e1-jun-gruppe-postmuenster\/02IVJRR7B0000005VS5489B3VUDHAAN1-G#tabelle\" target=\"_blank\" rel=\"noreferrer noopener\">Tabelle<\/a><\/div>\n<\/div>\n\n\n\n<p><strong>Training<\/strong><br>Do 17:00 &#8211; 18:30<\/p>\n\n\n\n<div style=\"height:50px\" aria-hidden=\"true\" class=\"wp-block-spacer\"><\/div>\n\n\n\n<h3 class=\"wp-block-heading\">F-Jugend (Jahrgang\u00a02014\/2015)<\/h3>\n\n\n\n<p><strong>Training<\/strong><br>Do 17:00 &#8211; 18:30<\/p>\n\n\n\n<div style=\"height:50px\" aria-hidden=\"true\" class=\"wp-block-spacer\"><\/div>\n\n\n\n<p>Sollten Sie Interesse an einem Training f\u00fcr ihr Kind haben, k\u00f6nnen Sie sich gerne an die Jugendleiter wenden (auch falls die Jahrg\u00e4nge nicht passen sollten)<\/p>\n","protected":false},"excerpt":{"rendered":"<p>1. Mannschaft TrainingDi 19:00-20:30 und Fr 18:30-20:00 2. Mannschaft TrainingDi 19:00-20:30 und Fr 18:30-20:00 C-Jugend (Jahrgang\u00a02008\/2009) TrainingDi + Do 18:00 &#8211; 19:30 E-Jugend (Jahrgang\u00a02012\/2013) TrainingDo 17:00 &#8211; 18:30 F-Jugend (Jahrgang\u00a02014\/2015) TrainingDo 17:00 &#8211; 18:30 Sollten Sie Interesse an einem Training f\u00fcr ihr Kind haben, k\u00f6nnen Sie sich gerne an die Jugendleiter wenden (auch falls die [&hellip;]<\/p>\n","protected":false},"author":2,"featured_media":0,"parent":29,"menu_order":0,"comment_status":"closed","ping_status":"closed","template":"","meta":{"footnotes":""},"class_list":["post-424","page","type-page","status-publish","hentry"],"_links":{"self":[{"href":"https:\/\/www.tsg-postmuenster.de\/tsg\/wp-json\/wp\/v2\/pages\/424","targetHints":{"allow":["GET"]}}],"collection":[{"href":"https:\/\/www.tsg-postmuenster.de\/tsg\/wp-json\/wp\/v2\/pages"}],"about":[{"href":"https:\/\/www.tsg-postmuenster.de\/tsg\/wp-json\/wp\/v2\/types\/page"}],"author":[{"embeddable":true,"href":"https:\/\/www.tsg-postmuenster.de\/tsg\/wp-json\/wp\/v2\/users\/2"}],"replies":[{"embeddable":true,"href":"https:\/\/www.tsg-postmuenster.de\/tsg\/wp-json\/wp\/v2\/comments?post=424"}],"version-history":[{"count":2,"href":"https:\/\/www.tsg-postmuenster.de\/tsg\/wp-json\/wp\/v2\/pages\/424\/revisions"}],"predecessor-version":[{"id":426,"href":"https:\/\/www.tsg-postmuenster.de\/tsg\/wp-json\/wp\/v2\/pages\/424\/revisions\/426"}],"up":[{"embeddable":true,"href":"https:\/\/www.tsg-postmuenster.de\/tsg\/wp-json\/wp\/v2\/pages\/29"}],"wp:attachment":[{"href":"https:\/\/www.tsg-postmuenster.de\/tsg\/wp-json\/wp\/v2\/media?parent=424"}],"curies":[{"name":"wp","href":"https:\/\/api.w.org\/{rel}","templated":true}]}}